{"id":134,"date":"2025-06-15T00:29:11","date_gmt":"2025-06-15T00:29:11","guid":{"rendered":"https:\/\/smnet.cl\/?page_id=134"},"modified":"2025-06-15T03:01:26","modified_gmt":"2025-06-15T03:01:26","slug":"cotizacion-y-consultas","status":"publish","type":"page","link":"https:\/\/smnet.cl\/index.php\/cotizacion-y-consultas\/","title":{"rendered":"Cotizaci\u00f3n y consultas"},"content":{"rendered":"<div class=\"wpforms-container wpforms-container-full wpforms-block wpforms-block-39e3aa34-6757-4fe8-a8be-e1c4900f2def wpforms-render-modern\" id=\"wpforms-129\"><form id=\"wpforms-form-129\" class=\"wpforms-validate wpforms-form wpforms-ajax-form\" data-formid=\"129\" method=\"post\" enctype=\"multipart\/form-data\" action=\"\/index.php\/wp-json\/wp\/v2\/pages\/134\" data-token=\"e67778ad59a4c924ca0a74e6ded5a10f\" data-token-time=\"1777670333\"><div class=\"wpforms-head-container\"><div class=\"wpforms-description\">Le invitamos a contactarnos mediante el presente formulario a fin de hacernos llegar su solicitud de cotizaci\u00f3n o contacto. Le contactaremos a la brevedad.<\/div><\/div><noscript class=\"wpforms-error-noscript\">Por favor, activa JavaScript en tu navegador para completar este formulario.<\/noscript><div id=\"wpforms-error-noscript\" style=\"display: none;\">Por favor, activa JavaScript en tu navegador para completar este formulario.<\/div><div class=\"wpforms-field-container\"><div id=\"wpforms-129-field_1-container\" class=\"wpforms-field wpforms-field-name\" data-field-id=\"1\"><fieldset><legend class=\"wpforms-field-label\">Nombre <span class=\"wpforms-required-label\" aria-hidden=\"true\">*<\/span><\/legend><div class=\"wpforms-field-row wpforms-field-medium\"><div class=\"wpforms-field-row-block wpforms-first wpforms-one-half\"><input type=\"text\" id=\"wpforms-129-field_1\" class=\"wpforms-field-name-first wpforms-field-required\" name=\"wpforms[fields][1][first]\" aria-errormessage=\"wpforms-129-field_1-error\" required><label for=\"wpforms-129-field_1\" class=\"wpforms-field-sublabel after\">Nombre<\/label><\/div><div class=\"wpforms-field-row-block wpforms-one-half\"><input type=\"text\" id=\"wpforms-129-field_1-last\" class=\"wpforms-field-name-last wpforms-field-required\" name=\"wpforms[fields][1][last]\" aria-errormessage=\"wpforms-129-field_1-last-error\" required><label for=\"wpforms-129-field_1-last\" class=\"wpforms-field-sublabel after\">Apellidos<\/label><\/div><\/div><\/fieldset><\/div><div id=\"wpforms-129-field_3-container\" class=\"wpforms-field wpforms-field-number\" data-field-id=\"3\"><label class=\"wpforms-field-label\" for=\"wpforms-129-field_3\">N\u00famero de tel\u00e9fono<\/label><input type=\"number\" id=\"wpforms-129-field_3\" class=\"wpforms-field-medium\" name=\"wpforms[fields][3]\" step=\"any\" aria-errormessage=\"wpforms-129-field_3-error\" ><\/div><div id=\"wpforms-129-field_2-container\" class=\"wpforms-field wpforms-field-email\" data-field-id=\"2\"><label class=\"wpforms-field-label\" for=\"wpforms-129-field_2\">Correo electr\u00f3nico <span class=\"wpforms-required-label\" aria-hidden=\"true\">*<\/span><\/label><input type=\"email\" id=\"wpforms-129-field_2\" class=\"wpforms-field-medium wpforms-field-required\" name=\"wpforms[fields][2]\" spellcheck=\"false\" aria-errormessage=\"wpforms-129-field_2-error\" required><\/div><div id=\"wpforms-129-field_5-container\" class=\"wpforms-field wpforms-field-radio\" data-field-id=\"5\"><fieldset><legend class=\"wpforms-field-label\">Tipo de servicio a cotizar<\/legend><ul id=\"wpforms-129-field_5\"><li class=\"choice-1 depth-1\"><input type=\"radio\" id=\"wpforms-129-field_5_1\" name=\"wpforms[fields][5]\" value=\"Soporte T\u00e9cnico\" aria-errormessage=\"wpforms-129-field_5_1-error\"  ><label class=\"wpforms-field-label-inline\" for=\"wpforms-129-field_5_1\">Soporte T\u00e9cnico<\/label><\/li><li class=\"choice-2 depth-1\"><input type=\"radio\" id=\"wpforms-129-field_5_2\" name=\"wpforms[fields][5]\" value=\"Soluciones de seguridad y control de acceso\" aria-errormessage=\"wpforms-129-field_5_2-error\"  ><label class=\"wpforms-field-label-inline\" for=\"wpforms-129-field_5_2\">Soluciones de seguridad y control de acceso<\/label><\/li><li class=\"choice-3 depth-1\"><input type=\"radio\" id=\"wpforms-129-field_5_3\" name=\"wpforms[fields][5]\" value=\"Servicios Web\" aria-errormessage=\"wpforms-129-field_5_3-error\"  ><label class=\"wpforms-field-label-inline\" for=\"wpforms-129-field_5_3\">Servicios Web<\/label><\/li><li class=\"choice-4 depth-1\"><input type=\"radio\" id=\"wpforms-129-field_5_4\" name=\"wpforms[fields][5]\" value=\"Ingenieria de redes\" aria-errormessage=\"wpforms-129-field_5_4-error\"  ><label class=\"wpforms-field-label-inline\" for=\"wpforms-129-field_5_4\">Ingenieria de redes<\/label><\/li><li class=\"choice-5 depth-1\"><input type=\"radio\" id=\"wpforms-129-field_5_5\" name=\"wpforms[fields][5]\" value=\"Instalaci\u00f3n y mantenci\u00f3n de c\u00e1maras\" aria-errormessage=\"wpforms-129-field_5_5-error\"  ><label class=\"wpforms-field-label-inline\" for=\"wpforms-129-field_5_5\">Instalaci\u00f3n y mantenci\u00f3n de c\u00e1maras<\/label><\/li><li class=\"choice-6 depth-1\"><input type=\"radio\" id=\"wpforms-129-field_5_6\" name=\"wpforms[fields][5]\" value=\"Asesor\u00edas inform\u00e1ticas\" aria-errormessage=\"wpforms-129-field_5_6-error\"  ><label class=\"wpforms-field-label-inline\" for=\"wpforms-129-field_5_6\">Asesor\u00edas inform\u00e1ticas<\/label><\/li><li class=\"choice-7 depth-1\"><input type=\"radio\" id=\"wpforms-129-field_5_7\" name=\"wpforms[fields][5]\" value=\"Inform\u00e1tica educativa\" aria-errormessage=\"wpforms-129-field_5_7-error\"  ><label class=\"wpforms-field-label-inline\" for=\"wpforms-129-field_5_7\">Inform\u00e1tica educativa<\/label><\/li><\/ul><\/fieldset><\/div>\t\t<div id=\"wpforms-129-field_4-container\"\n\t\t\tclass=\"wpforms-field wpforms-field-text\"\n\t\t\tdata-field-type=\"text\"\n\t\t\tdata-field-id=\"4\"\n\t\t\t>\n\t\t\t<label class=\"wpforms-field-label\" for=\"wpforms-129-field_4\" >Otros consultas N\u00famero<\/label>\n\t\t\t<input type=\"text\" id=\"wpforms-129-field_4\" class=\"wpforms-field-medium\" name=\"wpforms[fields][4]\" >\n\t\t<\/div>\n\t\t<div id=\"wpforms-129-field_6-container\" class=\"wpforms-field wpforms-field-text\" data-field-id=\"6\"><label class=\"wpforms-field-label\" for=\"wpforms-129-field_6\">Otros requerimientos o consultas<\/label><input type=\"text\" id=\"wpforms-129-field_6\" class=\"wpforms-field-medium\" name=\"wpforms[fields][6]\" aria-errormessage=\"wpforms-129-field_6-error\" aria-describedby=\"wpforms-129-field_6-description\" ><div id=\"wpforms-129-field_6-description\" class=\"wpforms-field-description\">Indiquenos si tiene otro requerimiento o consulta a realizar<\/div><\/div><script>\n\t\t\t\t( function() {\n\t\t\t\t\tconst style = document.createElement( 'style' );\n\t\t\t\t\tstyle.appendChild( document.createTextNode( '#wpforms-129-field_4-container { position: absolute !important; overflow: hidden !important; display: inline !important; height: 1px !important; width: 1px !important; z-index: -1000 !important; padding: 0 !important; } #wpforms-129-field_4-container input { visibility: hidden; } #wpforms-conversational-form-page #wpforms-129-field_4-container label { counter-increment: none; }' ) );\n\t\t\t\t\tdocument.head.appendChild( style );\n\t\t\t\t\tdocument.currentScript?.remove();\n\t\t\t\t} )();\n\t\t\t<\/script><\/div><!-- .wpforms-field-container --><div class=\"wpforms-submit-container\" ><input type=\"hidden\" name=\"wpforms[id]\" value=\"129\"><input type=\"hidden\" name=\"page_title\" value=\"\"><input type=\"hidden\" name=\"page_url\" value=\"https:\/\/smnet.cl\/index.php\/wp-json\/wp\/v2\/pages\/134\"><input type=\"hidden\" name=\"url_referer\" value=\"\"><button type=\"submit\" name=\"wpforms[submit]\" id=\"wpforms-submit-129\" class=\"wpforms-submit\" data-alt-text=\"Enviando...\" data-submit-text=\"Enviar\" aria-live=\"assertive\" value=\"wpforms-submit\">Enviar<\/button><img decoding=\"async\" src=\"https:\/\/smnet.cl\/wp-content\/plugins\/wpforms-lite\/assets\/images\/submit-spin.svg\" class=\"wpforms-submit-spinner\" style=\"display: none;\" width=\"26\" height=\"26\" alt=\"Cargando\"><\/div><\/form><\/div>  <!-- .wpforms-container -->","protected":false},"excerpt":{"rendered":"","protected":false},"author":1,"featured_media":0,"parent":0,"menu_order":0,"comment_status":"closed","ping_status":"closed","template":"","meta":{"footnotes":""},"class_list":["post-134","page","type-page","status-publish","hentry"],"_links":{"self":[{"href":"https:\/\/smnet.cl\/index.php\/wp-json\/wp\/v2\/pages\/134","targetHints":{"allow":["GET"]}}],"collection":[{"href":"https:\/\/smnet.cl\/index.php\/wp-json\/wp\/v2\/pages"}],"about":[{"href":"https:\/\/smnet.cl\/index.php\/wp-json\/wp\/v2\/types\/page"}],"author":[{"embeddable":true,"href":"https:\/\/smnet.cl\/index.php\/wp-json\/wp\/v2\/users\/1"}],"replies":[{"embeddable":true,"href":"https:\/\/smnet.cl\/index.php\/wp-json\/wp\/v2\/comments?post=134"}],"version-history":[{"count":2,"href":"https:\/\/smnet.cl\/index.php\/wp-json\/wp\/v2\/pages\/134\/revisions"}],"predecessor-version":[{"id":165,"href":"https:\/\/smnet.cl\/index.php\/wp-json\/wp\/v2\/pages\/134\/revisions\/165"}],"wp:attachment":[{"href":"https:\/\/smnet.cl\/index.php\/wp-json\/wp\/v2\/media?parent=134"}],"curies":[{"name":"wp","href":"https:\/\/api.w.org\/{rel}","templated":true}]}}