{"id":47,"date":"2024-02-05T20:12:30","date_gmt":"2024-02-05T20:12:30","guid":{"rendered":"https:\/\/smnet.cl\/?page_id=47"},"modified":"2025-06-15T01:00:32","modified_gmt":"2025-06-15T01:00:32","slug":"nosotros-2","status":"publish","type":"page","link":"https:\/\/smnet.cl\/index.php\/nosotros-2\/","title":{"rendered":"Nosotros"},"content":{"rendered":"\n<p>En SMNET somos una empresa de la V regi\u00f3n de Chile, con atenci\u00f3n a nivel nacional, especializada en la entrega de soluciones tecnol\u00f3gicas integrales, orientadas a empresas, instituciones y establecimientos educativos que buscan optimizar su infraestructura, conectividad y sistemas de seguridad.<\/p>\n\n\n\n<p>Contamos con un equipo de profesionales altamente capacitados y con vasta experiencia en la implementaci\u00f3n de proyectos de ingenier\u00eda en redes, comunicaciones inal\u00e1mbricas, videovigilancia, soporte t\u00e9cnico y servicios web.<\/p>\n\n\n\n<p>Ofrecemos un portafolio completo de servicios que incluye:<\/p>\n\n\n\n<p>Soporte t\u00e9cnico integral y asesor\u00edas inform\u00e1ticas.<\/p>\n\n\n\n<p>Desarrollo y mantenimiento de sitios web, incluyendo servicios de hosting.<\/p>\n\n\n\n<p>Dise\u00f1o e implementaci\u00f3n de redes de datos, tanto cableadas como inal\u00e1mbricas.<\/p>\n\n\n\n<p>Soluciones de seguridad f\u00edsica, como control de acceso y videovigilancia.<\/p>\n\n\n\n<p>Instalaci\u00f3n y mantenci\u00f3n de sistemas de c\u00e1maras de seguridad (CCTV).<\/p>\n\n\n\n<p>Servicios de inform\u00e1tica educativa y programas de capacitaci\u00f3n tecnol\u00f3gica.<\/p>\n\n\n\n<p>En SMNET trabajamos con un enfoque personalizado, adaptando cada soluci\u00f3n a las necesidades y objetivos espec\u00edficos de nuestros clientes. Nos comprometemos a entregar un servicio confiable, eficiente y de alta calidad.<\/p>\n\n\n\n<p><\/p>\n","protected":false},"excerpt":{"rendered":"<p>En SMNET somos una empresa de la V regi\u00f3n de Chile, con atenci\u00f3n a nivel nacional, especializada en la entrega de soluciones tecnol\u00f3gicas integrales, orientadas a empresas, instituciones y establecimientos educativos que buscan optimizar su infraestructura, conectividad y sistemas de seguridad. Contamos con un equipo de profesionales altamente capacitados y con vasta experiencia en la<\/p>\n<p><a href=\"https:\/\/smnet.cl\/index.php\/nosotros-2\/\" class=\"more-link themebutton\">Leer m\u00e1s<\/a><\/p>\n","protected":false},"author":1,"featured_media":0,"parent":0,"menu_order":0,"comment_status":"closed","ping_status":"closed","template":"","meta":{"footnotes":""},"class_list":["post-47","page","type-page","status-publish","hentry"],"_links":{"self":[{"href":"https:\/\/smnet.cl\/index.php\/wp-json\/wp\/v2\/pages\/47","targetHints":{"allow":["GET"]}}],"collection":[{"href":"https:\/\/smnet.cl\/index.php\/wp-json\/wp\/v2\/pages"}],"about":[{"href":"https:\/\/smnet.cl\/index.php\/wp-json\/wp\/v2\/types\/page"}],"author":[{"embeddable":true,"href":"https:\/\/smnet.cl\/index.php\/wp-json\/wp\/v2\/users\/1"}],"replies":[{"embeddable":true,"href":"https:\/\/smnet.cl\/index.php\/wp-json\/wp\/v2\/comments?post=47"}],"version-history":[{"count":3,"href":"https:\/\/smnet.cl\/index.php\/wp-json\/wp\/v2\/pages\/47\/revisions"}],"predecessor-version":[{"id":141,"href":"https:\/\/smnet.cl\/index.php\/wp-json\/wp\/v2\/pages\/47\/revisions\/141"}],"wp:attachment":[{"href":"https:\/\/smnet.cl\/index.php\/wp-json\/wp\/v2\/media?parent=47"}],"curies":[{"name":"wp","href":"https:\/\/api.w.org\/{rel}","templated":true}]}}