{"id":81,"date":"2024-02-05T22:35:39","date_gmt":"2024-02-05T22:35:39","guid":{"rendered":"https:\/\/smnet.cl\/?page_id=81"},"modified":"2025-06-30T03:29:15","modified_gmt":"2025-06-30T03:29:15","slug":"contacto","status":"publish","type":"page","link":"https:\/\/smnet.cl\/index.php\/contacto\/","title":{"rendered":"Contacto"},"content":{"rendered":"\n<p>ACTIVIDADES DE CONSULTOR\u00cdA DE INFORM\u00c1TICA Y DE GESTI\u00d3N DE INSTALACIONES<br>INFORM\u00c1TICAS CHRISTIAN OSCAR COSSIO SALDAMANDO E.I.R.L.<\/p>\n\n\n\n<p>Parcela 21 J2 Panquehue &#8211; V regi\u00f3n &#8211; Chile<\/p>\n\n\n\n<p>Correo electr\u00f3nico: ingenieria@smnet.cl<\/p>\n\n\n\n<p>Tel\u00e9fono: +56991231902<\/p>\n\n\n\n<p><\/p>\n\n\n\n<figure class=\"wp-block-image size-full\"><img fetchpriority=\"high\" decoding=\"async\" width=\"310\" height=\"163\" src=\"https:\/\/smnet.cl\/wp-content\/uploads\/2024\/02\/contact-1.jpeg\" alt=\"\" class=\"wp-image-83\" srcset=\"https:\/\/smnet.cl\/wp-content\/uploads\/2024\/02\/contact-1.jpeg 310w, https:\/\/smnet.cl\/wp-content\/uploads\/2024\/02\/contact-1-300x158.jpeg 300w\" sizes=\"(max-width: 310px) 100vw, 310px\" \/><\/figure>\n","protected":false},"excerpt":{"rendered":"<p>ACTIVIDADES DE CONSULTOR\u00cdA DE INFORM\u00c1TICA Y DE GESTI\u00d3N DE INSTALACIONESINFORM\u00c1TICAS CHRISTIAN OSCAR COSSIO SALDAMANDO E.I.R.L. Parcela 21 J2 Panquehue &#8211; V regi\u00f3n &#8211; Chile Correo electr\u00f3nico: ingenieria@smnet.cl Tel\u00e9fono: +56991231902<\/p>\n","protected":false},"author":1,"featured_media":0,"parent":0,"menu_order":0,"comment_status":"closed","ping_status":"closed","template":"","meta":{"footnotes":""},"class_list":["post-81","page","type-page","status-publish","hentry"],"_links":{"self":[{"href":"https:\/\/smnet.cl\/index.php\/wp-json\/wp\/v2\/pages\/81","targetHints":{"allow":["GET"]}}],"collection":[{"href":"https:\/\/smnet.cl\/index.php\/wp-json\/wp\/v2\/pages"}],"about":[{"href":"https:\/\/smnet.cl\/index.php\/wp-json\/wp\/v2\/types\/page"}],"author":[{"embeddable":true,"href":"https:\/\/smnet.cl\/index.php\/wp-json\/wp\/v2\/users\/1"}],"replies":[{"embeddable":true,"href":"https:\/\/smnet.cl\/index.php\/wp-json\/wp\/v2\/comments?post=81"}],"version-history":[{"count":5,"href":"https:\/\/smnet.cl\/index.php\/wp-json\/wp\/v2\/pages\/81\/revisions"}],"predecessor-version":[{"id":182,"href":"https:\/\/smnet.cl\/index.php\/wp-json\/wp\/v2\/pages\/81\/revisions\/182"}],"wp:attachment":[{"href":"https:\/\/smnet.cl\/index.php\/wp-json\/wp\/v2\/media?parent=81"}],"curies":[{"name":"wp","href":"https:\/\/api.w.org\/{rel}","templated":true}]}}